{"id":110,"date":"2023-08-05T13:53:59","date_gmt":"2023-08-05T13:53:59","guid":{"rendered":"https:\/\/jezusuzdrawia.pl\/?page_id=110"},"modified":"2023-08-28T20:43:17","modified_gmt":"2023-08-28T20:43:17","slug":"kujawsko-pomorskie","status":"publish","type":"page","link":"https:\/\/jezusuzdrawia.pl\/?page_id=110","title":{"rendered":"Kujawsko-Pomorskie"},"content":{"rendered":"\n<figure class=\"wp-block-table aligncenter\"><table><tbody><tr><td class=\"has-text-align-center\" data-align=\"center\">Ko\u015bci\u00f3\u0142 Rzymskokatolicki pw. \u015bw. Andrzeja Boboli<br>pl. Ko\u015bcieleckich 7<br>85-033 Bydgoszcz<\/td><td class=\"has-text-align-center\" data-align=\"center\">I \u015broda miesi\u0105ca<br>18:00<br><a href=\"https:\/\/www.facebook.com\/miloscmaryi\/?locale=pl_PL\">link<\/a><\/td><\/tr><tr><td class=\"has-text-align-center\" data-align=\"center\">Parafia Matki Boskiej Kr\u00f3lowej M\u0119czennik\u00f3w<br>ul. Bo\u0142tucia 5<br>85-796 Bydgoszcz<\/td><td class=\"has-text-align-center\" data-align=\"center\">I poniedzia\u0142ek miesi\u0105ca<br>18:30<br><a href=\"https:\/\/mbkm.pl\/nabozenstwa-i-modlitwy\/\">link<\/a><\/td><\/tr><tr><td class=\"has-text-align-center\" data-align=\"center\">Bracia Mniejsi Kapucyni, <br>Ko\u015bci\u00f3\u0142 Klarysek pw. Wniebowzi\u0119cia NMP <br>ul. Gda\u0144ska 2<br>85-005 Bydgoszcz<\/td><td class=\"has-text-align-center\" data-align=\"center\">II poniedzia\u0142ek miesi\u0105ca<br>18:30<br><a href=\"http:\/\/klaryski.alwernia.bydgoszcz.pl\/dzialalnosc-duszpasterska\/\">link<\/a><\/td><\/tr><tr><td class=\"has-text-align-center\" data-align=\"center\">Parafia pw.<br>Naj\u015bwi\u0119tszego Serca Pana Jezusa<br>Plac Piastowski 5<br>85-012 Bydgoszcz<\/td><td class=\"has-text-align-center\" data-align=\"center\"><a href=\"http:\/\/nspj.bydgoszcz.pl\/blog\/2023\/01\/27\/nabozenstwo-ku-czci-sw-gemmy-i-modlitwa-o-uzdrowienie\/\">link<\/a><\/td><\/tr><tr><td class=\"has-text-align-center\" data-align=\"center\">Sanktuarium Matki Bo\u017cej Bolesnej<br>Obory 38<br>87-645 Zb\u00f3jno k. Rypina<\/td><td class=\"has-text-align-center\" data-align=\"center\"><a href=\"http:\/\/www.obory.com.pl\/?a=aktualnosc&amp;typ=16&amp;id_item=288\">link<\/a><\/td><\/tr><tr><td class=\"has-text-align-center\" data-align=\"center\">*Dom Mi\u0142osierdzia Bydgoszcz<\/td><td class=\"has-text-align-center\" data-align=\"center\"><a href=\"https:\/\/dom.jezuici.pl\/domy_milosierdzia\/\" target=\"_blank\" rel=\"noreferrer noopener\">https:\/\/dom.jezuici.pl\/domy_milosierdzia\/<\/a><\/td><\/tr><tr><td class=\"has-text-align-center\" data-align=\"center\">*Dom Mi\u0142osierdzia Toru\u0144<\/td><td class=\"has-text-align-center\" data-align=\"center\"><a rel=\"noreferrer noopener\" href=\"https:\/\/dom.jezuici.pl\/domy_milosierdzia\/\" target=\"_blank\">https:\/\/dom.jezuici.pl\/domy_milosierdzia\/<\/a><\/td><\/tr><\/tbody><\/table><figcaption class=\"wp-element-caption\"><br>*Modlitwa wed\u0142ug pi\u0119ciu kluczy<\/figcaption><\/figure>\n","protected":false},"excerpt":{"rendered":"<p>Ko\u015bci\u00f3\u0142 Rzymskokatolicki pw. \u015bw. Andrzeja Bobolipl. Ko\u015bcieleckich 785-033 Bydgoszcz I \u015broda miesi\u0105ca18:00link Parafia Matki Boskiej Kr\u00f3lowej M\u0119czennik\u00f3wul. Bo\u0142tucia 585-796 Bydgoszcz I poniedzia\u0142ek miesi\u0105ca18:30link Bracia Mniejsi Kapucyni, Ko\u015bci\u00f3\u0142 Klarysek pw. Wniebowzi\u0119cia NMP ul. Gda\u0144ska 285-005 Bydgoszcz II poniedzia\u0142ek miesi\u0105ca18:30link Parafia pw.Naj\u015bwi\u0119tszego Serca Pana JezusaPlac Piastowski 585-012 Bydgoszcz link Sanktuarium Matki Bo\u017cej BolesnejObory 3887-645 Zb\u00f3jno k. Rypina&#8230;<\/p>\n","protected":false},"author":1,"featured_media":0,"parent":0,"menu_order":0,"comment_status":"closed","ping_status":"closed","template":"","meta":{"footnotes":""},"_links":{"self":[{"href":"https:\/\/jezusuzdrawia.pl\/index.php?rest_route=\/wp\/v2\/pages\/110"}],"collection":[{"href":"https:\/\/jezusuzdrawia.pl\/index.php?rest_route=\/wp\/v2\/pages"}],"about":[{"href":"https:\/\/jezusuzdrawia.pl\/index.php?rest_route=\/wp\/v2\/types\/page"}],"author":[{"embeddable":true,"href":"https:\/\/jezusuzdrawia.pl\/index.php?rest_route=\/wp\/v2\/users\/1"}],"replies":[{"embeddable":true,"href":"https:\/\/jezusuzdrawia.pl\/index.php?rest_route=%2Fwp%2Fv2%2Fcomments&post=110"}],"version-history":[{"count":6,"href":"https:\/\/jezusuzdrawia.pl\/index.php?rest_route=\/wp\/v2\/pages\/110\/revisions"}],"predecessor-version":[{"id":338,"href":"https:\/\/jezusuzdrawia.pl\/index.php?rest_route=\/wp\/v2\/pages\/110\/revisions\/338"}],"wp:attachment":[{"href":"https:\/\/jezusuzdrawia.pl\/index.php?rest_route=%2Fwp%2Fv2%2Fmedia&parent=110"}],"curies":[{"name":"wp","href":"https:\/\/api.w.org\/{rel}","templated":true}]}}