{"id":130,"date":"2023-08-05T14:30:38","date_gmt":"2023-08-05T14:30:38","guid":{"rendered":"https:\/\/jezusuzdrawia.pl\/?page_id=130"},"modified":"2023-08-24T22:32:31","modified_gmt":"2023-08-24T22:32:31","slug":"lubuskie","status":"publish","type":"page","link":"https:\/\/jezusuzdrawia.pl\/?page_id=130","title":{"rendered":"Lubuskie"},"content":{"rendered":"\n<figure class=\"wp-block-table\"><table><tbody><tr><td class=\"has-text-align-center\" data-align=\"center\">Parafia&nbsp;pw. \u015bw. Jadwigi \u015al\u0105skiej w Zielonej G\u00f3rze<br>ul. Mickiewicza 14<br>65 \u2013 063 Zielona G\u00f3ra<\/td><td class=\"has-text-align-center\" data-align=\"center\"><a href=\"https:\/\/konkatedrazielonagora.pl\/grupy-parafialne\/odnowa-w-duchu-swietym\/\">link<\/a><\/td><\/tr><tr><td class=\"has-text-align-center\" data-align=\"center\"><\/td><td class=\"has-text-align-center\" data-align=\"center\"><\/td><\/tr><\/tbody><\/table><\/figure>\n","protected":false},"excerpt":{"rendered":"<p>Parafia&nbsp;pw. \u015bw. Jadwigi \u015al\u0105skiej w Zielonej G\u00f3rzeul. Mickiewicza 1465 \u2013 063 Zielona G\u00f3ra link<\/p>\n","protected":false},"author":1,"featured_media":0,"parent":0,"menu_order":0,"comment_status":"closed","ping_status":"closed","template":"","meta":{"footnotes":""},"_links":{"self":[{"href":"https:\/\/jezusuzdrawia.pl\/index.php?rest_route=\/wp\/v2\/pages\/130"}],"collection":[{"href":"https:\/\/jezusuzdrawia.pl\/index.php?rest_route=\/wp\/v2\/pages"}],"about":[{"href":"https:\/\/jezusuzdrawia.pl\/index.php?rest_route=\/wp\/v2\/types\/page"}],"author":[{"embeddable":true,"href":"https:\/\/jezusuzdrawia.pl\/index.php?rest_route=\/wp\/v2\/users\/1"}],"replies":[{"embeddable":true,"href":"https:\/\/jezusuzdrawia.pl\/index.php?rest_route=%2Fwp%2Fv2%2Fcomments&post=130"}],"version-history":[{"count":3,"href":"https:\/\/jezusuzdrawia.pl\/index.php?rest_route=\/wp\/v2\/pages\/130\/revisions"}],"predecessor-version":[{"id":231,"href":"https:\/\/jezusuzdrawia.pl\/index.php?rest_route=\/wp\/v2\/pages\/130\/revisions\/231"}],"wp:attachment":[{"href":"https:\/\/jezusuzdrawia.pl\/index.php?rest_route=%2Fwp%2Fv2%2Fmedia&parent=130"}],"curies":[{"name":"wp","href":"https:\/\/api.w.org\/{rel}","templated":true}]}}