{"id":138,"date":"2023-08-05T14:51:50","date_gmt":"2023-08-05T14:51:50","guid":{"rendered":"https:\/\/jezusuzdrawia.pl\/?page_id=138"},"modified":"2023-08-28T20:14:14","modified_gmt":"2023-08-28T20:14:14","slug":"lodzkie","status":"publish","type":"page","link":"https:\/\/jezusuzdrawia.pl\/?page_id=138","title":{"rendered":"\u0141\u00f3dzkie"},"content":{"rendered":"\n<figure class=\"wp-block-table\"><table><tbody><tr><td class=\"has-text-align-center\" data-align=\"center\">Parafia NMP R\u00f3\u017ca\u0144cowej<br>ul. Zamkowa 39<br>95-200 Pabianice<\/td><td class=\"has-text-align-center\" data-align=\"center\"><a href=\"https:\/\/pabianice.misjonarze.pl\/?page_id=1125\">link<\/a><\/td><\/tr><tr><td class=\"has-text-align-center\" data-align=\"center\">Parafia Naj\u015bwi\u0119tszego Imienia Jezus<br>ul. Sienkiewicza 60 <br>90-058 \u0141\u00f3d\u017a<\/td><td class=\"has-text-align-center\" data-align=\"center\"><a href=\"https:\/\/lodz.jezuici.pl\/msza-o-uzdrowienie\">link<\/a><\/td><\/tr><tr><td class=\"has-text-align-center\" data-align=\"center\">Parafia Naj\u015bwi\u0119tszego Zbawiciela<br>al. W\u0142\u00f3kniarzy 187<br>91-089 \u0141\u00f3d\u017a<\/td><td class=\"has-text-align-center\" data-align=\"center\"><a href=\"http:\/\/www.parafiazbawiciela.pl\/p\/msze-swiete-o-uzdrowienie.html\">link<\/a><\/td><\/tr><tr><td class=\"has-text-align-center\" data-align=\"center\">Klasztor oo. Franciszkan\u00f3w,<br>Miedniewice 90<br>96-315 Miedniewice<\/td><td class=\"has-text-align-center\" data-align=\"center\"><a href=\"http:\/\/www.miedniewice.franciszkanie-warszawa.pl\/modlitwa-o-uzdrowienie\/\">link<\/a><\/td><\/tr><tr><td class=\"has-text-align-center\" data-align=\"center\">*Dom Mi\u0142osierdzia \u0141\u00f3d\u017a<\/td><td class=\"has-text-align-center\" data-align=\"center\"><a href=\"https:\/\/dom.jezuici.pl\/domy_milosierdzia\/\">link<\/a><\/td><\/tr><\/tbody><\/table><figcaption class=\"wp-element-caption\"><br>*Modlitwa wed\u0142ug pi\u0119ciu kluczy<\/figcaption><\/figure>\n","protected":false},"excerpt":{"rendered":"<p>Parafia NMP R\u00f3\u017ca\u0144cowejul. Zamkowa 3995-200 Pabianice link Parafia Naj\u015bwi\u0119tszego Imienia Jezusul. Sienkiewicza 60 90-058 \u0141\u00f3d\u017a link Parafia Naj\u015bwi\u0119tszego Zbawicielaal. W\u0142\u00f3kniarzy 18791-089 \u0141\u00f3d\u017a link Klasztor oo. Franciszkan\u00f3w,Miedniewice 9096-315 Miedniewice link *Dom Mi\u0142osierdzia \u0141\u00f3d\u017a link *Modlitwa wed\u0142ug pi\u0119ciu kluczy<\/p>\n","protected":false},"author":1,"featured_media":0,"parent":0,"menu_order":0,"comment_status":"closed","ping_status":"closed","template":"","meta":{"footnotes":""},"_links":{"self":[{"href":"https:\/\/jezusuzdrawia.pl\/index.php?rest_route=\/wp\/v2\/pages\/138"}],"collection":[{"href":"https:\/\/jezusuzdrawia.pl\/index.php?rest_route=\/wp\/v2\/pages"}],"about":[{"href":"https:\/\/jezusuzdrawia.pl\/index.php?rest_route=\/wp\/v2\/types\/page"}],"author":[{"embeddable":true,"href":"https:\/\/jezusuzdrawia.pl\/index.php?rest_route=\/wp\/v2\/users\/1"}],"replies":[{"embeddable":true,"href":"https:\/\/jezusuzdrawia.pl\/index.php?rest_route=%2Fwp%2Fv2%2Fcomments&post=138"}],"version-history":[{"count":5,"href":"https:\/\/jezusuzdrawia.pl\/index.php?rest_route=\/wp\/v2\/pages\/138\/revisions"}],"predecessor-version":[{"id":301,"href":"https:\/\/jezusuzdrawia.pl\/index.php?rest_route=\/wp\/v2\/pages\/138\/revisions\/301"}],"wp:attachment":[{"href":"https:\/\/jezusuzdrawia.pl\/index.php?rest_route=%2Fwp%2Fv2%2Fmedia&parent=138"}],"curies":[{"name":"wp","href":"https:\/\/api.w.org\/{rel}","templated":true}]}}