{"id":139,"date":"2023-08-05T14:52:17","date_gmt":"2023-08-05T14:52:17","guid":{"rendered":"https:\/\/jezusuzdrawia.pl\/?page_id=139"},"modified":"2023-08-28T20:11:43","modified_gmt":"2023-08-28T20:11:43","slug":"malopolskie","status":"publish","type":"page","link":"https:\/\/jezusuzdrawia.pl\/?page_id=139","title":{"rendered":"Ma\u0142opolskie"},"content":{"rendered":"\n<figure class=\"wp-block-table\"><table><tbody><tr><td class=\"has-text-align-center\" data-align=\"center\">Sanktuarium \u015bw. Jana Paw\u0142a II Wielkiego<br>ul. Totus Tuus 32<br>30-610 Krak\u00f3w<\/td><td class=\"has-text-align-center\" data-align=\"center\"><a href=\"https:\/\/sjanpawel2.pl\/nabozenstwo-z-prosba-o-uzdrowienie-i-uwolnienie-wewnetrzne\/#\">link<\/a><\/td><\/tr><tr><td class=\"has-text-align-center\" data-align=\"center\">Opactwo Cysters\u00f3w w Mogile<br>ul. Klasztorna 11<br>31-979 Krak\u00f3w<\/td><td class=\"has-text-align-center\" data-align=\"center\"><a href=\"http:\/\/www.mogila.cystersi.pl\/index.php?option=com_content&amp;view=article&amp;id=781:odnowa-w-duchu-witym-qliberatioq&amp;catid=118:duszpasterstwo&amp;Itemid=155\">link<\/a><\/td><\/tr><tr><td class=\"has-text-align-center\" data-align=\"center\">Parafia Matki Bo\u017cej Pocieszenia w Krakowie<br>ul. Bulwarowa 15a<br>Krak\u00f3w\u00a031-751<\/td><td class=\"has-text-align-center\" data-align=\"center\"><a href=\"https:\/\/parafia.nowohuckie.pl\/msze-swiete-i-nabozenstwa\/\">link<\/a><\/td><\/tr><tr><td class=\"has-text-align-center\" data-align=\"center\">Parafia Zmartwychwstania Pa\u0144skiego<br>ul. Szkolna 4<br>30-648 Krak\u00f3w<\/td><td class=\"has-text-align-center\" data-align=\"center\"><a href=\"http:\/\/www.wola1.xcr.pl\/grupy-i-wspolnoty\/galilea.html\">link<\/a><\/td><\/tr><tr><td class=\"has-text-align-center\" data-align=\"center\">Parafia pw.\u00a0MB Bolesnej<br>ul. Jana Paw\u0142a II 1<br>34-600 Limanowa<\/td><td class=\"has-text-align-center\" data-align=\"center\"><a href=\"https:\/\/bazylika-limanowa.pl\/\">link<\/a><\/td><\/tr><tr><td class=\"has-text-align-center\" data-align=\"center\">Parafia Narodzenia NMP<br>Kr\u00f3lowej Jadwigi 5<br>32-400 My\u015blenice<\/td><td class=\"has-text-align-center\" data-align=\"center\"><a href=\"https:\/\/www.nazaret.odnowa.org\/msza-sw-z-modlitwa-o-uzdrowienie.html\">link<\/a><\/td><\/tr><tr><td class=\"has-text-align-center\" data-align=\"center\">Parafia Ducha\u00a0\u015awi\u0119tego<br>Sanktuarium Matki Bo\u017cej Pocieszenia<br>Ksi\u0119\u017ca Jezuici<br>ul. ks. Piotra Skargi 10<br>33-300 Nowy S\u0105cz<\/td><td class=\"has-text-align-center\" data-align=\"center\"><a href=\"https:\/\/nowysacz.jezuici.pl\/msze-i-nabozenstwa\/\">link<\/a><\/td><\/tr><tr><td class=\"has-text-align-center\" data-align=\"center\">Parafia Naj\u015bwi\u0119tszego Serca Pana Jezusa<br>ul. Lwowska 102 <br>33-100 Tarn\u00f3w<\/td><td class=\"has-text-align-center\" data-align=\"center\"><a href=\"http:\/\/nspjtarnow.pl\/z-zycia-parafii\/msze-sw-i-nabozenstwa\/\">link<\/a><\/td><\/tr><tr><td class=\"has-text-align-center\" data-align=\"center\">Klasztor oo. Franciszkan\u00f3w i parafia MB Anielskiej w Zakliczynie<br>Klasztorna 2<br>32-840 Zakliczyn<\/td><td class=\"has-text-align-center\" data-align=\"center\"><a href=\"http:\/\/franciszkaniezakliczyn.pl\/index.php\/msze-z-modlitwa-o-uzdrowienie\">link<\/a><\/td><\/tr><tr><td class=\"has-text-align-center\" data-align=\"center\">*Dom Mi\u0142osierdzia Jawiszowice<\/td><td class=\"has-text-align-center\" data-align=\"center\"><a href=\"https:\/\/dom.jezuici.pl\/domy_milosierdzia\/\">link<\/a><\/td><\/tr><tr><td class=\"has-text-align-center\" data-align=\"center\">*Dom Mi\u0142osierdzia Krak\u00f3w<\/td><td class=\"has-text-align-center\" data-align=\"center\"><a href=\"https:\/\/dom.jezuici.pl\/domy_milosierdzia\/\">link<\/a><\/td><\/tr><tr><td class=\"has-text-align-center\" data-align=\"center\">*Dom Mi\u0142osierdzia Nowy Targ<\/td><td class=\"has-text-align-center\" data-align=\"center\"><a href=\"https:\/\/dom.jezuici.pl\/domy_milosierdzia\/\">link<\/a><\/td><\/tr><\/tbody><\/table><figcaption class=\"wp-element-caption\"><br>*Modlitwa wed\u0142ug pi\u0119ciu kluczy<\/figcaption><\/figure>\n","protected":false},"excerpt":{"rendered":"<p>Sanktuarium \u015bw. Jana Paw\u0142a II Wielkiegoul. Totus Tuus 3230-610 Krak\u00f3w link Opactwo Cysters\u00f3w w Mogileul. Klasztorna 1131-979 Krak\u00f3w link Parafia Matki Bo\u017cej Pocieszenia w Krakowieul. Bulwarowa 15aKrak\u00f3w\u00a031-751 link Parafia Zmartwychwstania Pa\u0144skiegoul. Szkolna 430-648 Krak\u00f3w link Parafia pw.\u00a0MB Bolesnejul. Jana Paw\u0142a II 134-600 Limanowa link Parafia Narodzenia NMPKr\u00f3lowej Jadwigi 532-400 My\u015blenice link Parafia Ducha\u00a0\u015awi\u0119tegoSanktuarium Matki Bo\u017cej&#8230;<\/p>\n","protected":false},"author":1,"featured_media":0,"parent":0,"menu_order":0,"comment_status":"closed","ping_status":"closed","template":"","meta":{"footnotes":""},"_links":{"self":[{"href":"https:\/\/jezusuzdrawia.pl\/index.php?rest_route=\/wp\/v2\/pages\/139"}],"collection":[{"href":"https:\/\/jezusuzdrawia.pl\/index.php?rest_route=\/wp\/v2\/pages"}],"about":[{"href":"https:\/\/jezusuzdrawia.pl\/index.php?rest_route=\/wp\/v2\/types\/page"}],"author":[{"embeddable":true,"href":"https:\/\/jezusuzdrawia.pl\/index.php?rest_route=\/wp\/v2\/users\/1"}],"replies":[{"embeddable":true,"href":"https:\/\/jezusuzdrawia.pl\/index.php?rest_route=%2Fwp%2Fv2%2Fcomments&post=139"}],"version-history":[{"count":17,"href":"https:\/\/jezusuzdrawia.pl\/index.php?rest_route=\/wp\/v2\/pages\/139\/revisions"}],"predecessor-version":[{"id":325,"href":"https:\/\/jezusuzdrawia.pl\/index.php?rest_route=\/wp\/v2\/pages\/139\/revisions\/325"}],"wp:attachment":[{"href":"https:\/\/jezusuzdrawia.pl\/index.php?rest_route=%2Fwp%2Fv2%2Fmedia&parent=139"}],"curies":[{"name":"wp","href":"https:\/\/api.w.org\/{rel}","templated":true}]}}