{"id":140,"date":"2023-08-05T14:56:04","date_gmt":"2023-08-05T14:56:04","guid":{"rendered":"https:\/\/jezusuzdrawia.pl\/?page_id=140"},"modified":"2023-08-29T20:28:42","modified_gmt":"2023-08-29T20:28:42","slug":"opolskie","status":"publish","type":"page","link":"https:\/\/jezusuzdrawia.pl\/?page_id=140","title":{"rendered":"Opolskie"},"content":{"rendered":"\n<figure class=\"wp-block-table\"><table><tbody><tr><td class=\"has-text-align-center\" data-align=\"center\">Parafia pw. \u015bw. Andrzeja Aposto\u0142a<br>ul. Kalinowa 23<br>48-385 Otmuch\u00f3w &#8211; W\u00f3jcice<\/td><td><a href=\"http:\/\/www.parafiawojcice.pl\/index.php\/2014-03-29-13-08-05\/330-modlitwa-o-uzdrowienie\">link<\/a><\/td><\/tr><tr><td class=\"has-text-align-center\" data-align=\"center\">Parafia pw. \u015bw. Wawrzy\u0144ca<br>ul. Ko\u0142\u0142\u0105taja 9<br>47-100 Strzelce Opolskie<\/td><td><a href=\"https:\/\/www.parafia-strzelce.pl\/wsp%C3%B3lnoty-parafialne\/odnowa-w-duchu-swietym.html?highlight=WyJ1emRyb3dpZW5pZSJd\">link<\/a><\/td><\/tr><tr><td class=\"has-text-align-center\" data-align=\"center\">*Dom Mi\u0142osierdzia Kluczbork<\/td><td><a href=\"https:\/\/dom.jezuici.pl\/domy_milosierdzia\/\">link<\/a><\/td><\/tr><tr><td class=\"has-text-align-center\" data-align=\"center\">*Dom Mi\u0142osierdzia Nysa<\/td><td><a href=\"https:\/\/dom.jezuici.pl\/domy_milosierdzia\/\">link<\/a><\/td><\/tr><tr><td class=\"has-text-align-center\" data-align=\"center\">*Dom Mi\u0142osierdzia Opole<\/td><td><a href=\"https:\/\/dom.jezuici.pl\/domy_milosierdzia\/\">link<\/a><\/td><\/tr><\/tbody><\/table><figcaption class=\"wp-element-caption\"><br>*Modlitwa wed\u0142ug pi\u0119ciu kluczy<\/figcaption><\/figure>\n","protected":false},"excerpt":{"rendered":"<p>Parafia pw. \u015bw. Andrzeja Aposto\u0142aul. Kalinowa 2348-385 Otmuch\u00f3w &#8211; W\u00f3jcice link Parafia pw. \u015bw. Wawrzy\u0144caul. Ko\u0142\u0142\u0105taja 947-100 Strzelce Opolskie link *Dom Mi\u0142osierdzia Kluczbork link *Dom Mi\u0142osierdzia Nysa link *Dom Mi\u0142osierdzia Opole link *Modlitwa wed\u0142ug pi\u0119ciu kluczy<\/p>\n","protected":false},"author":1,"featured_media":0,"parent":0,"menu_order":0,"comment_status":"closed","ping_status":"closed","template":"","meta":{"footnotes":""},"_links":{"self":[{"href":"https:\/\/jezusuzdrawia.pl\/index.php?rest_route=\/wp\/v2\/pages\/140"}],"collection":[{"href":"https:\/\/jezusuzdrawia.pl\/index.php?rest_route=\/wp\/v2\/pages"}],"about":[{"href":"https:\/\/jezusuzdrawia.pl\/index.php?rest_route=\/wp\/v2\/types\/page"}],"author":[{"embeddable":true,"href":"https:\/\/jezusuzdrawia.pl\/index.php?rest_route=\/wp\/v2\/users\/1"}],"replies":[{"embeddable":true,"href":"https:\/\/jezusuzdrawia.pl\/index.php?rest_route=%2Fwp%2Fv2%2Fcomments&post=140"}],"version-history":[{"count":5,"href":"https:\/\/jezusuzdrawia.pl\/index.php?rest_route=\/wp\/v2\/pages\/140\/revisions"}],"predecessor-version":[{"id":344,"href":"https:\/\/jezusuzdrawia.pl\/index.php?rest_route=\/wp\/v2\/pages\/140\/revisions\/344"}],"wp:attachment":[{"href":"https:\/\/jezusuzdrawia.pl\/index.php?rest_route=%2Fwp%2Fv2%2Fmedia&parent=140"}],"curies":[{"name":"wp","href":"https:\/\/api.w.org\/{rel}","templated":true}]}}