{"id":141,"date":"2023-08-05T14:56:42","date_gmt":"2023-08-05T14:56:42","guid":{"rendered":"https:\/\/jezusuzdrawia.pl\/?page_id=141"},"modified":"2023-09-05T20:24:29","modified_gmt":"2023-09-05T20:24:29","slug":"podkarpackie","status":"publish","type":"page","link":"https:\/\/jezusuzdrawia.pl\/?page_id=141","title":{"rendered":"Podkarpackie"},"content":{"rendered":"\n<figure class=\"wp-block-table\"><table><tbody><tr><td class=\"has-text-align-center\" data-align=\"center\">Kolegiacka Rzymsko &#8211; Katolicka Parafia<br>pw. Wniebowzi\u0119cia Naj\u015bwi\u0119tszej Maryi Panny<br>ul. Farna 2<br>38-200 Jas\u0142o<\/td><td class=\"has-text-align-center\" data-align=\"center\"><a href=\"http:\/\/www.fara-jaslo.rzeszow.opoka.org.pl\/parafia\/msza-o%20uwolnienie.htm\">link<\/a><\/td><\/tr><tr><td class=\"has-text-align-center\" data-align=\"center\">Sanktuarium Matki Bo\u017cej Pocieszenia<br>Jod\u0142\u00f3wka 307<br>37-564 Jod\u0142\u00f3wka <\/td><td class=\"has-text-align-center\" data-align=\"center\"><a href=\"http:\/\/jodlowka.przemyska.pl\/\">link<\/a><\/td><\/tr><tr><td class=\"has-text-align-center\" data-align=\"center\">Parafia pw.&nbsp;\u015bw.&nbsp;Piotra i&nbsp;\u015bw.&nbsp;Jana z&nbsp;Dukli<br>ul.&nbsp;Kard. St. Wyszy\u0144skiego 30<br>38-400 Krosno<\/td><td class=\"has-text-align-center\" data-align=\"center\"><a href=\"https:\/\/piotrajana.pl\/2022\/02\/msza-swieta-z-modlitwa-o-uzdrowienie-28-02-2022-r\/\">link<\/a><\/td><\/tr><tr><td class=\"has-text-align-center\" data-align=\"center\">Parafia pw. Wniebowzi\u0119cia NMP<br>Sanktuarium Matki Bo\u017cej Kr\u00f3lowej Podhala w Lud\u017amierzu<br>ul. Jana Paw\u0142a II 124<br>34-471 Lud\u017amierz<\/td><td class=\"has-text-align-center\" data-align=\"center\"><a href=\"https:\/\/www.mbludzm.pl\/aktualnosc\/msze-sw-z-ks-reczkiem\">link<\/a><\/td><\/tr><tr><td class=\"has-text-align-center\" data-align=\"center\">Parafia pw.\u00a0Matki Bo\u017cej Salety\u0144skiej<br>ul.\u00a0D\u0105browskiego 71<br>35-036 Rzesz\u00f3w<\/td><td class=\"has-text-align-center\" data-align=\"center\"><a href=\"http:\/\/odnowasaletyni.rzeszow.pl\/wieczor_uwielbienia.html\">link<\/a><\/td><\/tr><tr><td class=\"has-text-align-center\" data-align=\"center\">Parafia rzymskokatolicka pw. \u015bw. Judy Tadeusza<br>ul. Wita Stwosza 31<br>35-113 Rzesz\u00f3w<\/td><td class=\"has-text-align-center\" data-align=\"center\"><a href=\"https:\/\/judatadeusz.rzeszow.pl\/?page_id=224\">link<\/a><\/td><\/tr><tr><td class=\"has-text-align-center\" data-align=\"center\">*Dom Mi\u0142osierdzia Rzesz\u00f3w<\/td><td class=\"has-text-align-center\" data-align=\"center\"><a href=\"https:\/\/dom.jezuici.pl\/domy_milosierdzia\/\">link<\/a><\/td><\/tr><\/tbody><\/table><figcaption class=\"wp-element-caption\"><br>*Modlitwa wed\u0142ug pi\u0119ciu kluczy<\/figcaption><\/figure>\n","protected":false},"excerpt":{"rendered":"<p>Kolegiacka Rzymsko &#8211; Katolicka Parafiapw. Wniebowzi\u0119cia Naj\u015bwi\u0119tszej Maryi Pannyul. Farna 238-200 Jas\u0142o link Sanktuarium Matki Bo\u017cej PocieszeniaJod\u0142\u00f3wka 30737-564 Jod\u0142\u00f3wka link Parafia pw.&nbsp;\u015bw.&nbsp;Piotra i&nbsp;\u015bw.&nbsp;Jana z&nbsp;Dukliul.&nbsp;Kard. St. Wyszy\u0144skiego 3038-400 Krosno link Parafia pw. Wniebowzi\u0119cia NMPSanktuarium Matki Bo\u017cej Kr\u00f3lowej Podhala w Lud\u017amierzuul. Jana Paw\u0142a II 12434-471 Lud\u017amierz link Parafia pw.\u00a0Matki Bo\u017cej Salety\u0144skiejul.\u00a0D\u0105browskiego 7135-036 Rzesz\u00f3w link Parafia rzymskokatolicka pw&#8230;.<\/p>\n","protected":false},"author":2,"featured_media":0,"parent":0,"menu_order":0,"comment_status":"closed","ping_status":"closed","template":"","meta":{"footnotes":""},"_links":{"self":[{"href":"https:\/\/jezusuzdrawia.pl\/index.php?rest_route=\/wp\/v2\/pages\/141"}],"collection":[{"href":"https:\/\/jezusuzdrawia.pl\/index.php?rest_route=\/wp\/v2\/pages"}],"about":[{"href":"https:\/\/jezusuzdrawia.pl\/index.php?rest_route=\/wp\/v2\/types\/page"}],"author":[{"embeddable":true,"href":"https:\/\/jezusuzdrawia.pl\/index.php?rest_route=\/wp\/v2\/users\/2"}],"replies":[{"embeddable":true,"href":"https:\/\/jezusuzdrawia.pl\/index.php?rest_route=%2Fwp%2Fv2%2Fcomments&post=141"}],"version-history":[{"count":8,"href":"https:\/\/jezusuzdrawia.pl\/index.php?rest_route=\/wp\/v2\/pages\/141\/revisions"}],"predecessor-version":[{"id":358,"href":"https:\/\/jezusuzdrawia.pl\/index.php?rest_route=\/wp\/v2\/pages\/141\/revisions\/358"}],"wp:attachment":[{"href":"https:\/\/jezusuzdrawia.pl\/index.php?rest_route=%2Fwp%2Fv2%2Fmedia&parent=141"}],"curies":[{"name":"wp","href":"https:\/\/api.w.org\/{rel}","templated":true}]}}