{"id":162,"date":"2023-08-05T15:03:05","date_gmt":"2023-08-05T15:03:05","guid":{"rendered":"https:\/\/jezusuzdrawia.pl\/?page_id=162"},"modified":"2023-09-12T20:54:24","modified_gmt":"2023-09-12T20:54:24","slug":"wielkopolskie","status":"publish","type":"page","link":"https:\/\/jezusuzdrawia.pl\/?page_id=162","title":{"rendered":"Wielkopolskie"},"content":{"rendered":"\n<figure class=\"wp-block-table\"><table><tbody><tr><td class=\"has-text-align-center\" data-align=\"center\">Sanktuarium b\u0142. Edmunda Bojanowskiego<br>plac Bojanowskiego 6<br>62-030 Lubo\u0144<\/td><td class=\"has-text-align-center\" data-align=\"center\"><a href=\"https:\/\/wspolnota-magnificat.pl\/\">link<\/a><\/td><\/tr><tr><td class=\"has-text-align-center\" data-align=\"center\">Parafia pw. \u015bw. Micha\u0142a Archanio\u0142a<br>ul. Stolarska 7<br>60-788 Pozna\u0144<\/td><td class=\"has-text-align-center\" data-align=\"center\"><a href=\"https:\/\/przymierzemilosierdzia.pl\/grupa\/poznan\/\">link<\/a><\/td><\/tr><tr><td class=\"has-text-align-center\" data-align=\"center\">*Dom Mi\u0142osierdzia Pozna\u0144<\/td><td class=\"has-text-align-center\" data-align=\"center\"><a href=\"https:\/\/dom.jezuici.pl\/domy_milosierdzia\/\">link<\/a><\/td><\/tr><tr><td class=\"has-text-align-center\" data-align=\"center\">*Dom Mi\u0142osierdzia Kazimierz Biskupi<\/td><td class=\"has-text-align-center\" data-align=\"center\"><a href=\"https:\/\/dom.jezuici.pl\/domy_milosierdzia\/\">link<\/a><\/td><\/tr><\/tbody><\/table><figcaption class=\"wp-element-caption\"><br>*Modlitwa wed\u0142ug pi\u0119ciu kluczy<\/figcaption><\/figure>\n","protected":false},"excerpt":{"rendered":"<p>Sanktuarium b\u0142. Edmunda Bojanowskiegoplac Bojanowskiego 662-030 Lubo\u0144 link Parafia pw. \u015bw. Micha\u0142a Archanio\u0142aul. Stolarska 760-788 Pozna\u0144 link *Dom Mi\u0142osierdzia Pozna\u0144 link *Dom Mi\u0142osierdzia Kazimierz Biskupi link *Modlitwa wed\u0142ug pi\u0119ciu kluczy<\/p>\n","protected":false},"author":1,"featured_media":0,"parent":0,"menu_order":0,"comment_status":"closed","ping_status":"closed","template":"","meta":{"footnotes":""},"_links":{"self":[{"href":"https:\/\/jezusuzdrawia.pl\/index.php?rest_route=\/wp\/v2\/pages\/162"}],"collection":[{"href":"https:\/\/jezusuzdrawia.pl\/index.php?rest_route=\/wp\/v2\/pages"}],"about":[{"href":"https:\/\/jezusuzdrawia.pl\/index.php?rest_route=\/wp\/v2\/types\/page"}],"author":[{"embeddable":true,"href":"https:\/\/jezusuzdrawia.pl\/index.php?rest_route=\/wp\/v2\/users\/1"}],"replies":[{"embeddable":true,"href":"https:\/\/jezusuzdrawia.pl\/index.php?rest_route=%2Fwp%2Fv2%2Fcomments&post=162"}],"version-history":[{"count":5,"href":"https:\/\/jezusuzdrawia.pl\/index.php?rest_route=\/wp\/v2\/pages\/162\/revisions"}],"predecessor-version":[{"id":428,"href":"https:\/\/jezusuzdrawia.pl\/index.php?rest_route=\/wp\/v2\/pages\/162\/revisions\/428"}],"wp:attachment":[{"href":"https:\/\/jezusuzdrawia.pl\/index.php?rest_route=%2Fwp%2Fv2%2Fmedia&parent=162"}],"curies":[{"name":"wp","href":"https:\/\/api.w.org\/{rel}","templated":true}]}}